{"id":10785,"date":"2024-04-29T23:10:36","date_gmt":"2024-04-29T20:10:36","guid":{"rendered":"https:\/\/www.tulux.com.tr\/?page_id=10785"},"modified":"2025-04-28T20:38:26","modified_gmt":"2025-04-28T17:38:26","slug":"kilavuz-plaka","status":"publish","type":"page","link":"https:\/\/www.tulux.com.tr\/tr\/kilavuz-plaka\/","title":{"rendered":"K\u0131lavuz Plaka"},"content":{"rendered":"\t\t<div data-elementor-type=\"wp-page\" data-elementor-id=\"10785\" class=\"elementor elementor-10785\">\n\t\t\t\t\t\t<section class=\"elementor-section elementor-top-section elementor-element elementor-element-afafd74 elementor-section-full_width elementor-section-height-min-height elementor-section-content-middle elementor-section-height-default elementor-section-items-middle\" data-id=\"afafd74\" data-element_type=\"section\" data-settings=\"{&quot;background_background&quot;:&quot;classic&quot;}\">\n\t\t\t\t\t\t<div class=\"elementor-container elementor-column-gap-no\">\n\t\t\t\t\t<div class=\"elementor-column elementor-col-100 elementor-top-column elementor-element elementor-element-8ffd909\" data-id=\"8ffd909\" data-element_type=\"column\">\n\t\t\t<div class=\"elementor-widget-wrap elementor-element-populated\">\n\t\t\t\t\t\t<div class=\"elementor-element elementor-element-fa4b95d elementor-widget elementor-widget-hub_fancy_heading\" data-id=\"fa4b95d\" data-element_type=\"widget\" data-widget_type=\"hub_fancy_heading.default\">\n\t\t\t\t<div class=\"elementor-widget-container\">\n\t\t\t\n\t\t<div id=\"ld-fancy-heading-69e61da724a3f\" class=\"ld-fancy-heading pos-rel\">\n\t\t\t<h2 class=\"ld-fh-element d-inline-block pos-rel  elementor-heading-title lqd-highlight-classic lqd-highlight-grow-left h2\"  > K\u0131lavuz Plaka<\/h2>\t\t<\/div>\n\n\t\t\t\t<\/div>\n\t\t\t\t<\/div>\n\t\t\t\t\t<\/div>\n\t\t<\/div>\n\t\t\t\t\t<\/div>\n\t\t<\/section>\n\t\t<div data-custom-animations=\"true\" data-ca-options=\"{&quot;addChildTimelines&quot;:false,&quot;animationTarget&quot;:&quot;:scope .e-con-inner &gt; .e-con&quot;,&quot;duration&quot;:500,&quot;startDelay&quot;:500,&quot;ease&quot;:&quot;expo.inOut&quot;,&quot;initValues&quot;:{&quot;scaleX&quot;:0.75,&quot;scaleY&quot;:0.75,&quot;opacity&quot;:0},&quot;animations&quot;:{&quot;scaleX&quot;:1,&quot;scaleY&quot;:1,&quot;opacity&quot;:1}}\" class=\"elementor-element elementor-element-e9d1333 e-flex e-con-boxed e-con e-parent\" data-id=\"e9d1333\" data-element_type=\"container\">\n\t\t\t\t\t<div class=\"e-con-inner\">\n\t\t<div class=\"elementor-element elementor-element-c1ce8ef e-con-full e-flex e-con e-child\" data-id=\"c1ce8ef\" data-element_type=\"container\">\n\t\t\t\t<div data-parallax=\"true\" data-parallax-options=\"{&quot;ease&quot;:[&quot;linear&quot;],&quot;start&quot;:&quot;top bottom&quot;,&quot;end&quot;:&quot;bottom+=0px top&quot;}\" data-parallax-from=\"{&quot;y&quot;:&quot;-50px&quot;,&quot;scaleX&quot;:1.2,&quot;scaleY&quot;:1.2}\" data-parallax-to=\"{&quot;y&quot;:&quot;50px&quot;,&quot;scaleX&quot;:1.1,&quot;scaleY&quot;:1.1}\" class=\"elementor-element elementor-element-3e6c667 elementor-absolute elementor-widget elementor-widget-ld_fancy_image\" data-id=\"3e6c667\" data-element_type=\"widget\" data-settings=\"{&quot;_position&quot;:&quot;absolute&quot;}\" data-widget_type=\"ld_fancy_image.default\">\n\t\t\t\t<div class=\"elementor-widget-container\">\n\t\t\t\n\t\t<div class=\"lqd-imggrp-single d-block pos-rel \">\n\t\t\t<div class=\"lqd-imggrp-img-container d-inline-flex pos-rel align-items-center justify-content-center \">\n\t\t\t\t\t\t\t\t<figure class=\"w-100 pos-rel\">\n\t\t\t\t\t<img fetchpriority=\"high\" decoding=\"async\" width=\"740\" height=\"722\" src=\"https:\/\/www.tulux.com.tr\/wp-content\/uploads\/2021\/10\/urun_4.png\" class=\"attachment-full size-full wp-image-10473\" alt=\"\" srcset=\"https:\/\/www.tulux.com.tr\/wp-content\/uploads\/2021\/10\/urun_4.png 740w, https:\/\/www.tulux.com.tr\/wp-content\/uploads\/2021\/10\/urun_4-300x293.png 300w\" sizes=\"(max-width: 740px) 100vw, 740px\" itemprop=\"image\" \/>\t\t\t\t\t\t\t\t\t\t\t\t\t\t\t\t\t\t\t\t\t\t\t\t\t\t\t\t\t<\/figure>\n\t\t\t<\/div>\n\t\t<\/div>\n\n\t\t\t<\/div>\n\t\t\t\t<\/div>\n\t\t\t\t<\/div>\n\t\t<div data-custom-animations=\"true\" data-ca-options=\"{&quot;addChildTimelines&quot;:false,&quot;animationTarget&quot;:&quot;:scope .e-con-inner &gt; .elementor-element:not(.lqd-exclude-parent-ca) &gt; .elementor-widget-container, :scope .e-con-inner &gt; .elementor-widget-hub_fancy_heading .lqd-split-lines .lqd-lines .split-inner, :scope .e-con-inner &gt; .elementor-widget-hub_fancy_heading .lqd-split-words .lqd-words .split-inner, :scope .e-con-inner &gt; .elementor-widget-hub_fancy_heading .lqd-split-chars .lqd-chars .split-inner, :scope .e-con-inner &gt; .elementor-widget-hub_fancy_heading .lqd-adv-txt-fig, :scope .e-con-inner &gt; .elementor-widget-ld_custom_menu .lqd-fancy-menu &gt; ul &gt; li, :scope .e-con:not([data-parallax]) .elementor-element &gt; .elementor-widget-container, :scope .e-con:not([data-parallax]) .elementor-widget-hub_fancy_heading .lqd-split-lines .lqd-lines .split-inner, :scope .e-con:not([data-parallax]) .elementor-widget-hub_fancy_heading .lqd-split-words .lqd-words .split-inner, :scope .e-con:not([data-parallax]) .elementor-widget-hub_fancy_heading .lqd-split-chars .lqd-chars .split-inner, :scope .e-con:not([data-parallax]) .elementor-widget-ld_custom_menu .lqd-fancy-menu &gt; ul &gt; li&quot;,&quot;duration&quot;:650,&quot;startDelay&quot;:1500,&quot;delay&quot;:100,&quot;ease&quot;:&quot;expo.out&quot;,&quot;initValues&quot;:{&quot;y&quot;:&quot;70px&quot;,&quot;opacity&quot;:0},&quot;animations&quot;:{&quot;y&quot;:&quot;0px&quot;,&quot;opacity&quot;:1}}\" class=\"elementor-element elementor-element-f96b5e0 e-flex e-con-boxed e-con e-child\" data-id=\"f96b5e0\" data-element_type=\"container\" data-settings=\"{&quot;background_background&quot;:&quot;classic&quot;}\">\n\t\t\t\t\t<div class=\"e-con-inner\">\n\t\t\t\t<div class=\"elementor-element elementor-element-82b9918 elementor-widget__width-inherit elementor-widget elementor-widget-spacer\" data-id=\"82b9918\" data-element_type=\"widget\" data-widget_type=\"spacer.default\">\n\t\t\t\t<div class=\"elementor-widget-container\">\n\t\t\t<style>\/*! elementor - v3.21.0 - 30-04-2024 *\/\n.elementor-column .elementor-spacer-inner{height:var(--spacer-size)}.e-con{--container-widget-width:100%}.e-con-inner>.elementor-widget-spacer,.e-con>.elementor-widget-spacer{width:var(--container-widget-width,var(--spacer-size));--align-self:var(--container-widget-align-self,initial);--flex-shrink:0}.e-con-inner>.elementor-widget-spacer>.elementor-widget-container,.e-con>.elementor-widget-spacer>.elementor-widget-container{height:100%;width:100%}.e-con-inner>.elementor-widget-spacer>.elementor-widget-container>.elementor-spacer,.e-con>.elementor-widget-spacer>.elementor-widget-container>.elementor-spacer{height:100%}.e-con-inner>.elementor-widget-spacer>.elementor-widget-container>.elementor-spacer>.elementor-spacer-inner,.e-con>.elementor-widget-spacer>.elementor-widget-container>.elementor-spacer>.elementor-spacer-inner{height:var(--container-widget-height,var(--spacer-size))}.e-con-inner>.elementor-widget-spacer.elementor-widget-empty,.e-con>.elementor-widget-spacer.elementor-widget-empty{position:relative;min-height:22px;min-width:22px}.e-con-inner>.elementor-widget-spacer.elementor-widget-empty .elementor-widget-empty-icon,.e-con>.elementor-widget-spacer.elementor-widget-empty .elementor-widget-empty-icon{position:absolute;top:0;bottom:0;left:0;right:0;margin:auto;padding:0;width:22px;height:22px}<\/style>\t\t<div class=\"elementor-spacer\">\n\t\t\t<div class=\"elementor-spacer-inner\"><\/div>\n\t\t<\/div>\n\t\t\t\t<\/div>\n\t\t\t\t<\/div>\n\t\t\t\t<div class=\"elementor-element elementor-element-85747d6 elementor-widget elementor-widget-hub_fancy_heading\" data-id=\"85747d6\" data-element_type=\"widget\" data-widget_type=\"hub_fancy_heading.default\">\n\t\t\t\t<div class=\"elementor-widget-container\">\n\t\t\t\n\t\t<div id=\"ld-fancy-heading-69e61da72da1f\" class=\"ld-fancy-heading pos-rel\">\n\t\t\t<h2 class=\"ld-fh-element d-inline-block pos-rel  elementor-heading-title lqd-highlight-classic lqd-highlight-grow-left h1\"  > K\u0131lavuz Plaka<\/h2>\t\t<\/div>\n\n\t\t\t\t<\/div>\n\t\t\t\t<\/div>\n\t\t\t\t<div class=\"elementor-element elementor-element-36dac71 elementor-widget elementor-widget-hub_fancy_heading\" data-id=\"36dac71\" data-element_type=\"widget\" data-widget_type=\"hub_fancy_heading.default\">\n\t\t\t\t<div class=\"elementor-widget-container\">\n\t\t\t\n\t\t<div id=\"ld-fancy-heading-69e61da72e273\" class=\"ld-fancy-heading pos-rel\">\n\t\t\t<p class=\"ld-fh-element d-inline-block pos-rel  lqd-highlight-classic lqd-highlight-grow-left p\"  > Yerle\u015fim alanlar\u0131nda ve toplu ya\u015fam b\u00f6lgelerinde hemen hemen t\u00fcm altyap\u0131 sistemleri toprak alt\u0131ndan yap\u0131lmaktad\u0131r, yer alt\u0131na d\u00f6\u015fenen bu sistemleri koruyabilmek ad\u0131na hemen hemen t\u00fcm d\u00fcnyada ortak kabul g\u00f6ren \u015fartnamelerde belirtildi\u011fi \u00fczere, gerekli zemin olu\u015fturulduktan sonra kablo \u00fczerine bir sonraki kaz\u0131da alt\u0131nda kablo oldu\u011funu i\u015faret eden \u201cKILAVUZ PLAKALAR\u201d kullan\u0131lmaktad\u0131r\nK\u0131lavuz Plakalar; Kaz\u0131 yap\u0131lan alanda i\u015f kazalar\u0131n\u0131n \u00f6nlenmesi ve tesisat\u0131n zarar g\u00f6rmemesi i\u00e7in  hatt\u0131n g\u00fcvenli\u011fi ama\u00e7l\u0131 kullan\u0131lmaktad\u0131r. <br><br>\nBir i\u015f makinas\u0131 operat\u00f6r\u00fc  kaz\u0131  esnas\u0131nda ilk olarak kablolarla de\u011fil, \u201cK\u0131lavuz Plakalara\u201d ve \u00e7e\u015fitli uyar\u0131 i\u015faretlerine ula\u015f\u0131r, b\u00f6ylece daha dikkatli davranmas\u0131 gerekti\u011fini ve o b\u00f6lgeden kablo hatt\u0131n\u0131n ge\u00e7ti\u011fini anlar.\nB\u00f6ylece yap\u0131lmas\u0131 gereken kaz\u0131 g\u00fcvenli bir \u015fekilde yap\u0131lm\u0131\u015f olur.\n<\/p>\t\t<\/div>\n\n\t\t\t\t<\/div>\n\t\t\t\t<\/div>\n\t\t\t\t\t<\/div>\n\t\t\t\t<\/div>\n\t\t\t\t\t<\/div>\n\t\t\t\t<\/div>\n\t\t\t\t<section class=\"elementor-section elementor-top-section elementor-element elementor-element-d0e7e32 elementor-section-content-middle elementor-section-boxed elementor-section-height-default elementor-section-height-default\" data-id=\"d0e7e32\" data-element_type=\"section\" data-settings=\"{&quot;background_background&quot;:&quot;classic&quot;}\">\n\t\t\t\t\t\t<div class=\"elementor-container elementor-column-gap-default\">\n\t\t\t\t\t<div class=\"elementor-column elementor-col-50 elementor-top-column elementor-element elementor-element-37bb365\" data-id=\"37bb365\" data-element_type=\"column\">\n\t\t\t<div class=\"elementor-widget-wrap elementor-element-populated\">\n\t\t\t\t\t\t<div class=\"elementor-element elementor-element-f3fd57d elementor-widget elementor-widget-image\" data-id=\"f3fd57d\" data-element_type=\"widget\" data-widget_type=\"image.default\">\n\t\t\t\t<div class=\"elementor-widget-container\">\n\t\t\t<style>\/*! elementor - v3.21.0 - 30-04-2024 *\/\n.elementor-widget-image{text-align:center}.elementor-widget-image a{display:inline-block}.elementor-widget-image a img[src$=\".svg\"]{width:48px}.elementor-widget-image img{vertical-align:middle;display:inline-block}<\/style>\t\t\t\t\t\t\t\t\t\t<img decoding=\"async\" width=\"740\" height=\"722\" src=\"data:image\/svg+xml;charset=utf-8,%3Csvg xmlns%3D&#039;http%3A%2F%2Fwww.w3.org%2F2000%2Fsvg&#039; viewBox%3D&#039;0 0 740 722&#039;%2F%3E\" class=\"attachment-full size-full wp-image-10473 ld-lazyload\" alt=\"\" data-src=\"https:\/\/www.tulux.com.tr\/wp-content\/uploads\/2021\/10\/urun_4.png\" data-srcset=\"https:\/\/www.tulux.com.tr\/wp-content\/uploads\/2021\/10\/urun_4.png 740w, https:\/\/www.tulux.com.tr\/wp-content\/uploads\/2021\/10\/urun_4-300x293.png 300w\" data-sizes=\"(max-width: 740px) 100vw, 740px\" data-aspect=\"1.0249307479224\" \/>\t\t\t\t\t\t\t\t\t\t\t\t\t<\/div>\n\t\t\t\t<\/div>\n\t\t\t\t\t<\/div>\n\t\t<\/div>\n\t\t\t\t<div class=\"elementor-column elementor-col-50 elementor-top-column elementor-element elementor-element-e3942bf\" data-id=\"e3942bf\" data-element_type=\"column\" data-settings=\"{&quot;background_background&quot;:&quot;classic&quot;}\">\n\t\t\t<div class=\"elementor-widget-wrap elementor-element-populated\">\n\t\t\t\t\t\t<section class=\"elementor-section elementor-inner-section elementor-element elementor-element-d63e9f2 elementor-section-boxed elementor-section-height-default elementor-section-height-default\" data-id=\"d63e9f2\" data-element_type=\"section\" data-settings=\"{&quot;background_background&quot;:&quot;classic&quot;}\">\n\t\t\t\t\t\t<div class=\"elementor-container elementor-column-gap-no\">\n\t\t\t\t\t<div class=\"elementor-column elementor-col-100 elementor-inner-column elementor-element elementor-element-e5bb145\" data-id=\"e5bb145\" data-element_type=\"column\">\n\t\t\t<div class=\"elementor-widget-wrap elementor-element-populated\">\n\t\t\t\t\t\t<div class=\"elementor-element elementor-element-862813d elementor-align-left elementor-widget elementor-widget-ld_icon_box\" data-id=\"862813d\" data-element_type=\"widget\" data-widget_type=\"ld_icon_box.default\">\n\t\t\t\t<div class=\"elementor-widget-container\">\n\t\t\t\n\t\t\t<div id=\"ld_icon_box_862813d\" class=\"iconbox d-flex flex-grow-1 pos-rel iconbox-side iconbox-icon-shaped iconbox-circle\"   >\n\n\t\t\t\t\n\t\t\t\t<div class=\"iconbox-icon-wrap  \"><div class=\"iconbox-icon-container d-inline-flex pos-rel z-index-1 border-radius-circle\"><svg aria-hidden=\"true\" class=\"e-font-icon-svg e-fas-chevron-circle-down\" viewBox=\"0 0 512 512\" xmlns=\"http:\/\/www.w3.org\/2000\/svg\"><path d=\"M504 256c0 137-111 248-248 248S8 393 8 256 119 8 256 8s248 111 248 248zM273 369.9l135.5-135.5c9.4-9.4 9.4-24.6 0-33.9l-17-17c-9.4-9.4-24.6-9.4-33.9 0L256 285.1 154.4 183.5c-9.4-9.4-24.6-9.4-33.9 0l-17 17c-9.4 9.4-9.4 24.6 0 33.9L239 369.9c9.4 9.4 24.6 9.4 34 0z\"><\/path><\/svg><\/div><\/div>\n\t\t\t\t\n\t\t\t\t<div class=\"contents \">\n\t\t\t\t\n\t\t\t\t<h3 class=\"lqd-iconbox-heading \" >Malzemeler <\/h3>\t\t\t\t<p>Geri D\u00f6n\u00fc\u015ft\u00fcr\u00fclm\u00fc\u015f Plastik<\/p>\n\t\t\t\t\n\t\t\t\t<\/div>\n\t\t\t\t\n\t\t\t<\/div>\n\n\t\t\t\t<\/div>\n\t\t\t\t<\/div>\n\t\t\t\t\t<\/div>\n\t\t<\/div>\n\t\t\t\t<div class=\"elementor-column elementor-col-100 elementor-inner-column elementor-element elementor-element-74f0430\" data-id=\"74f0430\" data-element_type=\"column\">\n\t\t\t<div class=\"elementor-widget-wrap elementor-element-populated\">\n\t\t\t\t\t\t<div class=\"elementor-element elementor-element-17946d6 elementor-align-left elementor-widget elementor-widget-ld_icon_box\" data-id=\"17946d6\" data-element_type=\"widget\" data-widget_type=\"ld_icon_box.default\">\n\t\t\t\t<div class=\"elementor-widget-container\">\n\t\t\t\n\t\t\t<div id=\"ld_icon_box_17946d6\" class=\"iconbox d-flex flex-grow-1 pos-rel iconbox-side iconbox-icon-shaped iconbox-circle\"   >\n\n\t\t\t\t\n\t\t\t\t<div class=\"iconbox-icon-wrap  \"><div class=\"iconbox-icon-container d-inline-flex pos-rel z-index-1 border-radius-circle\"><svg aria-hidden=\"true\" class=\"e-font-icon-svg e-fas-chevron-circle-down\" viewBox=\"0 0 512 512\" xmlns=\"http:\/\/www.w3.org\/2000\/svg\"><path d=\"M504 256c0 137-111 248-248 248S8 393 8 256 119 8 256 8s248 111 248 248zM273 369.9l135.5-135.5c9.4-9.4 9.4-24.6 0-33.9l-17-17c-9.4-9.4-24.6-9.4-33.9 0L256 285.1 154.4 183.5c-9.4-9.4-24.6-9.4-33.9 0l-17 17c-9.4 9.4-9.4 24.6 0 33.9L239 369.9c9.4 9.4 24.6 9.4 34 0z\"><\/path><\/svg><\/div><\/div>\n\t\t\t\t\n\t\t\t\t<div class=\"contents \">\n\t\t\t\t\n\t\t\t\t<h3 class=\"lqd-iconbox-heading \" >Boyutlar <\/h3>\t\t\t\t<p>Temel olarak 20 cm x 30 cm x 0,5-0,6 cm (Boyutlar ve kal\u0131nl\u0131k    \u00f6zelle\u015ftirilebilir)<\/p>\n\t\t\t\t\n\t\t\t\t<\/div>\n\t\t\t\t\n\t\t\t<\/div>\n\n\t\t\t\t<\/div>\n\t\t\t\t<\/div>\n\t\t\t\t\t<\/div>\n\t\t<\/div>\n\t\t\t\t<div class=\"elementor-column elementor-col-100 elementor-inner-column elementor-element elementor-element-30aac76\" data-id=\"30aac76\" data-element_type=\"column\">\n\t\t\t<div class=\"elementor-widget-wrap elementor-element-populated\">\n\t\t\t\t\t\t<div class=\"elementor-element elementor-element-437c7c5 elementor-align-left elementor-widget elementor-widget-ld_icon_box\" data-id=\"437c7c5\" data-element_type=\"widget\" data-widget_type=\"ld_icon_box.default\">\n\t\t\t\t<div class=\"elementor-widget-container\">\n\t\t\t\n\t\t\t<div id=\"ld_icon_box_437c7c5\" class=\"iconbox d-flex flex-grow-1 pos-rel iconbox-side iconbox-icon-shaped iconbox-circle\"   >\n\n\t\t\t\t\n\t\t\t\t<div class=\"iconbox-icon-wrap  \"><div class=\"iconbox-icon-container d-inline-flex pos-rel z-index-1 border-radius-circle\"><svg aria-hidden=\"true\" class=\"e-font-icon-svg e-fas-chevron-circle-down\" viewBox=\"0 0 512 512\" xmlns=\"http:\/\/www.w3.org\/2000\/svg\"><path d=\"M504 256c0 137-111 248-248 248S8 393 8 256 119 8 256 8s248 111 248 248zM273 369.9l135.5-135.5c9.4-9.4 9.4-24.6 0-33.9l-17-17c-9.4-9.4-24.6-9.4-33.9 0L256 285.1 154.4 183.5c-9.4-9.4-24.6-9.4-33.9 0l-17 17c-9.4 9.4-9.4 24.6 0 33.9L239 369.9c9.4 9.4 24.6 9.4 34 0z\"><\/path><\/svg><\/div><\/div>\n\t\t\t\t\n\t\t\t\t<div class=\"contents \">\n\t\t\t\t\n\t\t\t\t<h3 class=\"lqd-iconbox-heading \" >Ambalaj  <\/h3>\t\t\t\t<p>100 cm x 120 cm Euro Palette\n50 adet x 80 paket halinde : 4000 adet \/ Palet \/ 20 Palet \/ 40' Konteyner (80.000 adet)\n<\/p>\n\t\t\t\t\n\t\t\t\t<\/div>\n\t\t\t\t\n\t\t\t<\/div>\n\n\t\t\t\t<\/div>\n\t\t\t\t<\/div>\n\t\t\t\t\t<\/div>\n\t\t<\/div>\n\t\t\t\t\t<\/div>\n\t\t<\/section>\n\t\t\t\t\t<\/div>\n\t\t<\/div>\n\t\t\t\t\t<\/div>\n\t\t<\/section>\n\t\t\t\t<section class=\"elementor-section elementor-top-section elementor-element elementor-element-ba94617 elementor-section-content-middle elementor-section-boxed elementor-section-height-default elementor-section-height-default\" data-id=\"ba94617\" data-element_type=\"section\" data-settings=\"{&quot;background_background&quot;:&quot;classic&quot;}\">\n\t\t\t\t\t\t<div class=\"elementor-container elementor-column-gap-default\">\n\t\t\t\t\t<div class=\"elementor-column elementor-col-100 elementor-top-column elementor-element elementor-element-bbbaedd\" data-id=\"bbbaedd\" data-element_type=\"column\" data-settings=\"{&quot;background_background&quot;:&quot;classic&quot;}\">\n\t\t\t<div class=\"elementor-widget-wrap elementor-element-populated\">\n\t\t\t\t\t\t<section class=\"elementor-section elementor-inner-section elementor-element elementor-element-bfacfe0 elementor-section-boxed elementor-section-height-default elementor-section-height-default\" data-id=\"bfacfe0\" data-element_type=\"section\" data-settings=\"{&quot;background_background&quot;:&quot;classic&quot;}\">\n\t\t\t\t\t\t<div class=\"elementor-container elementor-column-gap-no\">\n\t\t\t\t\t<div class=\"elementor-column elementor-col-100 elementor-inner-column elementor-element elementor-element-9a8a2bc\" data-id=\"9a8a2bc\" data-element_type=\"column\">\n\t\t\t<div class=\"elementor-widget-wrap elementor-element-populated\">\n\t\t\t\t\t\t<div class=\"elementor-element elementor-element-db71b45 elementor-widget elementor-widget-ld_table\" data-id=\"db71b45\" data-element_type=\"widget\" data-widget_type=\"ld_table.default\">\n\t\t\t\t<div class=\"elementor-widget-container\">\n\t\t\t<table><thead><tr><th class=\"elementor-repeater-item-154e982\">Boyutlar<\/th><\/thead><\/tr><tr><td class=\"elementor-repeater-item-6c28383\">150 x 1000 x 2.5 mm<\/td><\/tr><tr><td class=\"elementor-repeater-item-6f96bc8\">200 x 300 x 5 mm<\/td><\/tr><tr><td class=\"elementor-repeater-item-a67ddc9\">400 x 600 x 5 mm<\/td><\/tr><tr><td class=\"elementor-repeater-item-74a77b4\">600 x 600 x 5 mm<\/td><\/tr><tr><td class=\"elementor-repeater-item-904e238\">600 x 800 x 5 mm<\/td><\/tr><\/table>\t\t<\/div>\n\t\t\t\t<\/div>\n\t\t\t\t<div class=\"elementor-element elementor-element-06a76ad elementor-widget elementor-widget-ld_fancy_image\" data-id=\"06a76ad\" data-element_type=\"widget\" data-widget_type=\"ld_fancy_image.default\">\n\t\t\t\t<div class=\"elementor-widget-container\">\n\t\t\t\n\t\t<div class=\"lqd-imggrp-single d-block pos-rel \">\n\t\t\t<div class=\"lqd-imggrp-img-container d-inline-flex pos-rel align-items-center justify-content-center \">\n\t\t\t\t\t\t\t\t<figure class=\"w-100 pos-rel\">\n\t\t\t\t\t<img decoding=\"async\" width=\"2500\" height=\"1193\" src=\"data:image\/svg+xml;charset=utf-8,%3Csvg xmlns%3D&#039;http%3A%2F%2Fwww.w3.org%2F2000%2Fsvg&#039; viewBox%3D&#039;0 0 2500 1193&#039;%2F%3E\" class=\"attachment-full size-full wp-image-11284 ld-lazyload\" alt=\"\" itemprop=\"image\" data-src=\"https:\/\/www.tulux.com.tr\/wp-content\/uploads\/2025\/04\/thickness.png\" data-srcset=\"https:\/\/www.tulux.com.tr\/wp-content\/uploads\/2025\/04\/thickness.png 2500w, https:\/\/www.tulux.com.tr\/wp-content\/uploads\/2025\/04\/thickness-300x143.png 300w, https:\/\/www.tulux.com.tr\/wp-content\/uploads\/2025\/04\/thickness-1024x489.png 1024w, https:\/\/www.tulux.com.tr\/wp-content\/uploads\/2025\/04\/thickness-2048x977.png 2048w\" data-sizes=\"(max-width: 2500px) 100vw, 2500px\" data-aspect=\"2.0955574182733\" \/>\t\t\t\t\t\t\t\t\t\t\t\t\t\t\t\t\t\t\t\t\t\t\t\t\t\t\t\t\t<\/figure>\n\t\t\t<\/div>\n\t\t<\/div>\n\n\t\t\t<\/div>\n\t\t\t\t<\/div>\n\t\t\t\t\t<\/div>\n\t\t<\/div>\n\t\t\t\t\t<\/div>\n\t\t<\/section>\n\t\t\t\t\t<\/div>\n\t\t<\/div>\n\t\t\t\t\t<\/div>\n\t\t<\/section>\n\t\t\t\t<\/div>\n\t\t","protected":false},"excerpt":{"rendered":"<p>K\u0131lavuz Plaka K\u0131lavuz Plaka Yerle\u015fim alanlar\u0131nda ve toplu ya\u015fam b\u00f6lgelerinde hemen hemen t\u00fcm altyap\u0131 sistemleri toprak alt\u0131ndan yap\u0131lmaktad\u0131r, yer alt\u0131na d\u00f6\u015fenen bu sistemleri koruyabilmek ad\u0131na hemen hemen t\u00fcm d\u00fcnyada ortak kabul g\u00f6ren \u015fartnamelerde belirtildi\u011fi \u00fczere, gerekli zemin olu\u015fturulduktan sonra kablo \u00fczerine bir sonraki kaz\u0131da alt\u0131nda kablo oldu\u011funu i\u015faret eden \u201cKILAVUZ PLAKALAR\u201d kullan\u0131lmaktad\u0131r K\u0131lavuz Plakalar; Kaz\u0131 [&hellip;]<\/p>\n","protected":false},"author":1,"featured_media":0,"parent":0,"menu_order":0,"comment_status":"closed","ping_status":"closed","template":"","meta":{"footnotes":""},"class_list":["post-10785","page","type-page","status-publish","hentry"],"_links":{"self":[{"href":"https:\/\/www.tulux.com.tr\/tr\/wp-json\/wp\/v2\/pages\/10785","targetHints":{"allow":["GET"]}}],"collection":[{"href":"https:\/\/www.tulux.com.tr\/tr\/wp-json\/wp\/v2\/pages"}],"about":[{"href":"https:\/\/www.tulux.com.tr\/tr\/wp-json\/wp\/v2\/types\/page"}],"author":[{"embeddable":true,"href":"https:\/\/www.tulux.com.tr\/tr\/wp-json\/wp\/v2\/users\/1"}],"replies":[{"embeddable":true,"href":"https:\/\/www.tulux.com.tr\/tr\/wp-json\/wp\/v2\/comments?post=10785"}],"version-history":[{"count":19,"href":"https:\/\/www.tulux.com.tr\/tr\/wp-json\/wp\/v2\/pages\/10785\/revisions"}],"predecessor-version":[{"id":11288,"href":"https:\/\/www.tulux.com.tr\/tr\/wp-json\/wp\/v2\/pages\/10785\/revisions\/11288"}],"wp:attachment":[{"href":"https:\/\/www.tulux.com.tr\/tr\/wp-json\/wp\/v2\/media?parent=10785"}],"curies":[{"name":"wp","href":"https:\/\/api.w.org\/{rel}","templated":true}]}}